{"id":168,"date":"2025-11-22T08:44:00","date_gmt":"2025-11-22T01:44:00","guid":{"rendered":"https:\/\/fashionducanh.store\/?post_type=product&#038;p=168"},"modified":"2025-12-25T09:01:59","modified_gmt":"2025-12-25T02:01:59","slug":"ao-ni-bo-tron-basic-fwtw024-fwbs024","status":"publish","type":"product","link":"https:\/\/fashionducanh.store\/?product=ao-ni-bo-tron-basic-fwtw024-fwbs024","title":{"rendered":"\u00c1o n\u1ec9 b\u1ed9 tr\u01a1n basic FWTW024 &#8211; FWBS024"},"content":{"rendered":"<p><strong>\u00c1o kho\u00e1c gi\u00f3 2 l\u1edbp l\u00f3t l\u00f4ng c\u1ed5 cao basic EWCU001<\/strong><br \/>\n\u25aa\ufe0f \u0110\u01b0\u1ee3c thi\u1ebft k\u1ebf theo \u0111\u00fang form chu\u1ea9n c\u1ee7a nam gi\u1edbi Vi\u1ec7t Nam<br \/>\n\u25aa\ufe0f S\u1ea3n ph\u1ea9m thu\u1ed9c d\u00f2ng \u00c1o kho\u00e1c gi\u00f3 l\u00f3t l\u00f4ng cao c\u1ea5p do TORANO s\u1ea3n xu\u1ea5t<\/p>\n","protected":false},"excerpt":{"rendered":"<p><strong>\u00c1o kho\u00e1c gi\u00f3 2 l\u1edbp l\u00f3t l\u00f4ng c\u1ed5 cao basic EWCU001<\/strong><br \/>\n\u25aa\ufe0f \u0110\u01b0\u1ee3c thi\u1ebft k\u1ebf theo \u0111\u00fang form chu\u1ea9n c\u1ee7a nam gi\u1edbi Vi\u1ec7t Nam<br \/>\n\u25aa\ufe0f S\u1ea3n ph\u1ea9m thu\u1ed9c d\u00f2ng \u00c1o kho\u00e1c gi\u00f3 l\u00f3t l\u00f4ng cao c\u1ea5p do TORANO s\u1ea3n xu\u1ea5t<\/p>\n","protected":false},"featured_media":173,"comment_status":"open","ping_status":"closed","template":"","meta":[],"product_brand":[],"product_cat":[33],"product_tag":[],"class_list":{"0":"post-168","1":"product","2":"type-product","3":"status-publish","4":"has-post-thumbnail","6":"product_cat-ao-nam","8":"first","9":"instock","10":"sale","11":"shipping-taxable","12":"purchasable","13":"product-type-variable"},"jetpack_sharing_enabled":true,"_links":{"self":[{"href":"https:\/\/fashionducanh.store\/index.php?rest_route=\/wp\/v2\/product\/168","targetHints":{"allow":["GET"]}}],"collection":[{"href":"https:\/\/fashionducanh.store\/index.php?rest_route=\/wp\/v2\/product"}],"about":[{"href":"https:\/\/fashionducanh.store\/index.php?rest_route=\/wp\/v2\/types\/product"}],"replies":[{"embeddable":true,"href":"https:\/\/fashionducanh.store\/index.php?rest_route=%2Fwp%2Fv2%2Fcomments&post=168"}],"wp:featuredmedia":[{"embeddable":true,"href":"https:\/\/fashionducanh.store\/index.php?rest_route=\/wp\/v2\/media\/173"}],"wp:attachment":[{"href":"https:\/\/fashionducanh.store\/index.php?rest_route=%2Fwp%2Fv2%2Fmedia&parent=168"}],"wp:term":[{"taxonomy":"product_brand","embeddable":true,"href":"https:\/\/fashionducanh.store\/index.php?rest_route=%2Fwp%2Fv2%2Fproduct_brand&post=168"},{"taxonomy":"product_cat","embeddable":true,"href":"https:\/\/fashionducanh.store\/index.php?rest_route=%2Fwp%2Fv2%2Fproduct_cat&post=168"},{"taxonomy":"product_tag","embeddable":true,"href":"https:\/\/fashionducanh.store\/index.php?rest_route=%2Fwp%2Fv2%2Fproduct_tag&post=168"}],"curies":[{"name":"wp","href":"https:\/\/api.w.org\/{rel}","templated":true}]}}