{"id":219,"date":"2025-11-22T09:40:17","date_gmt":"2025-11-22T02:40:17","guid":{"rendered":"https:\/\/fashionducanh.store\/?post_type=product&#038;p=219"},"modified":"2025-12-25T09:01:59","modified_gmt":"2025-12-25T02:01:59","slug":"mu-luoi-trai-nam-hang-hieu-jeep-m194","status":"publish","type":"product","link":"https:\/\/fashionducanh.store\/?product=mu-luoi-trai-nam-hang-hieu-jeep-m194","title":{"rendered":"M\u0169 L\u01b0\u1ee1i Trai Nam H\u00e0ng Hi\u1ec7u JEEP M194"},"content":{"rendered":"<ul>\n<li>Ki\u1ec3u d\u00e1ng: M\u0169 l\u01b0\u1ee1i trai \/ N\u00f3n k\u1ebft<\/li>\n<li>Size: V\u00f2ng \u0111\u1ea7u 55-60 cm<\/li>\n<li>Ch\u1ea5t li\u1ec7u: 100% cotton d\u00e0y d\u1eb7n v\u00e0 m\u1ec1m<\/li>\n<li>M\u00e0u s\u1eafc: \u0110en, be, xanh than, kaki<\/li>\n<li>Gi\u1edbi t\u00ednh ph\u00f9 h\u1ee3p: Nam, n\u1eef<\/li>\n<li>Ch\u1ed1t kh\u00f3a: Kh\u00f3a \u0111\u1ed3ng kh\u1eafc n\u1ed5i logo<\/li>\n<\/ul>\n","protected":false},"excerpt":{"rendered":"<p>Ki\u1ec3u d\u00e1ng: M\u0169 l\u01b0\u1ee1i trai \/ N\u00f3n k\u1ebft Size: V\u00f2ng \u0111\u1ea7u 55-60 cm Ch\u1ea5t li\u1ec7u: 100% cotton d\u00e0y d\u1eb7n v\u00e0 m\u1ec1m M\u00e0u s\u1eafc: \u0110en, be, xanh than, kaki Gi\u1edbi t\u00ednh ph\u00f9 h\u1ee3p: Nam, n\u1eef Ch\u1ed1t kh\u00f3a: Kh\u00f3a \u0111\u1ed3ng kh\u1eafc n\u1ed5i logo<\/p>\n","protected":false},"featured_media":224,"comment_status":"open","ping_status":"closed","template":"","meta":[],"product_brand":[],"product_cat":[35],"product_tag":[],"class_list":{"0":"post-219","1":"product","2":"type-product","3":"status-publish","4":"has-post-thumbnail","6":"product_cat-mu-thoi-trang","8":"first","9":"instock","10":"sale","11":"shipping-taxable","12":"purchasable","13":"product-type-variable"},"jetpack_sharing_enabled":true,"_links":{"self":[{"href":"https:\/\/fashionducanh.store\/index.php?rest_route=\/wp\/v2\/product\/219","targetHints":{"allow":["GET"]}}],"collection":[{"href":"https:\/\/fashionducanh.store\/index.php?rest_route=\/wp\/v2\/product"}],"about":[{"href":"https:\/\/fashionducanh.store\/index.php?rest_route=\/wp\/v2\/types\/product"}],"replies":[{"embeddable":true,"href":"https:\/\/fashionducanh.store\/index.php?rest_route=%2Fwp%2Fv2%2Fcomments&post=219"}],"wp:featuredmedia":[{"embeddable":true,"href":"https:\/\/fashionducanh.store\/index.php?rest_route=\/wp\/v2\/media\/224"}],"wp:attachment":[{"href":"https:\/\/fashionducanh.store\/index.php?rest_route=%2Fwp%2Fv2%2Fmedia&parent=219"}],"wp:term":[{"taxonomy":"product_brand","embeddable":true,"href":"https:\/\/fashionducanh.store\/index.php?rest_route=%2Fwp%2Fv2%2Fproduct_brand&post=219"},{"taxonomy":"product_cat","embeddable":true,"href":"https:\/\/fashionducanh.store\/index.php?rest_route=%2Fwp%2Fv2%2Fproduct_cat&post=219"},{"taxonomy":"product_tag","embeddable":true,"href":"https:\/\/fashionducanh.store\/index.php?rest_route=%2Fwp%2Fv2%2Fproduct_tag&post=219"}],"curies":[{"name":"wp","href":"https:\/\/api.w.org\/{rel}","templated":true}]}}